{"id":411,"date":"2023-07-31T11:26:44","date_gmt":"2023-07-31T08:26:44","guid":{"rendered":"https:\/\/pinardusakabin.com\/?page_id=411"},"modified":"2025-09-06T16:51:34","modified_gmt":"2025-09-06T13:51:34","slug":"hakkimizda","status":"publish","type":"page","link":"https:\/\/pinardusakabin.com\/index.php\/hakkimizda\/","title":{"rendered":"HAKKIMIZDA"},"content":{"rendered":"\t\t<div data-elementor-type=\"wp-page\" data-elementor-id=\"411\" class=\"elementor elementor-411\">\n\t\t\t\t\t\t\t\t\t<section class=\"elementor-section elementor-top-section elementor-element elementor-element-528b228e elementor-section-boxed elementor-section-height-default elementor-section-height-default\" data-id=\"528b228e\" data-element_type=\"section\">\n\t\t\t\t\t\t<div class=\"elementor-container elementor-column-gap-default\">\n\t\t\t\t\t<div class=\"elementor-column elementor-col-100 elementor-top-column elementor-element elementor-element-3812ad28\" data-id=\"3812ad28\" data-element_type=\"column\">\n\t\t\t<div class=\"elementor-widget-wrap elementor-element-populated\">\n\t\t\t\t\t\t\t\t<div class=\"elementor-element elementor-element-5377debb elementor-widget elementor-widget-text-editor\" data-id=\"5377debb\" data-element_type=\"widget\" data-widget_type=\"text-editor.default\">\n\t\t\t\t<div class=\"elementor-widget-container\">\n\t\t\t<style>\/*! elementor - v3.14.0 - 26-06-2023 *\/\n.elementor-widget-text-editor.elementor-drop-cap-view-stacked .elementor-drop-cap{background-color:#69727d;color:#fff}.elementor-widget-text-editor.elementor-drop-cap-view-framed .elementor-drop-cap{color:#69727d;border:3px solid;background-color:transparent}.elementor-widget-text-editor:not(.elementor-drop-cap-view-default) .elementor-drop-cap{margin-top:8px}.elementor-widget-text-editor:not(.elementor-drop-cap-view-default) .elementor-drop-cap-letter{width:1em;height:1em}.elementor-widget-text-editor .elementor-drop-cap{float:left;text-align:center;line-height:1;font-size:50px}.elementor-widget-text-editor .elementor-drop-cap-letter{display:inline-block}<\/style>\t\t\t\t<p><!-- wp:paragraph --><\/p>\n<p>P\u0131nar Du\u015fakabin Sistemleri olarak 2010 y\u0131l\u0131ndan beri Konya \u0130li Sel\u00e7uklu \u0130l\u00e7esi&#8217;nde hizmet vermekteyiz. Y\u0131llar\u0131n verdi\u011fi tecr\u00fcbe ile kaliteli i\u015f\u00e7ilik ve uygun maliyeti birle\u015ftiriyoruz. Kaliteden \u00f6d\u00fcn vermeyen hizmetimiz ile y\u00fczde y\u00fcz m\u00fc\u015fteri memnuniyetinden \u00f6d\u00fcn vermiyoruz. Toptan al\u0131mlara y\u00f6nelik uygun fiyat tekliflerimizi ka\u00e7\u0131rmay\u0131n!<\/p>\n<p><!-- \/wp:paragraph --><\/p>\t\t\t\t\t\t<\/div>\n\t\t\t\t<\/div>\n\t\t\t\t\t<\/div>\n\t\t<\/div>\n\t\t\t\t\t\t\t<\/div>\n\t\t<\/section>\n\t\t\t\t\t\t\t<\/div>\n\t\t","protected":false},"excerpt":{"rendered":"<p>P\u0131nar Du\u015fakabin Sistemleri olarak 2010 y\u0131l\u0131ndan beri Konya \u0130li Sel\u00e7uklu \u0130l\u00e7esi&#8217;nde hizmet vermekteyiz. Y\u0131llar\u0131n verdi\u011fi tecr\u00fcbe ile kaliteli i\u015f\u00e7ilik ve uygun maliyeti birle\u015ftiriyoruz. Kaliteden \u00f6d\u00fcn vermeyen hizmetimiz ile y\u00fczde y\u00fcz m\u00fc\u015fteri memnuniyetinden \u00f6d\u00fcn vermiyoruz. Toptan al\u0131mlara y\u00f6nelik uygun fiyat tekliflerimizi ka\u00e7\u0131rmay\u0131n!<\/p>\n","protected":false},"author":1,"featured_media":0,"parent":0,"menu_order":0,"comment_status":"closed","ping_status":"closed","template":"","meta":{"_kad_post_transparent":"","_kad_post_title":"","_kad_post_layout":"","_kad_post_sidebar_id":"","_kad_post_content_style":"","_kad_post_vertical_padding":"","_kad_post_feature":"","_kad_post_feature_position":"","_kad_post_header":false,"_kad_post_footer":false},"_links":{"self":[{"href":"https:\/\/pinardusakabin.com\/index.php\/wp-json\/wp\/v2\/pages\/411"}],"collection":[{"href":"https:\/\/pinardusakabin.com\/index.php\/wp-json\/wp\/v2\/pages"}],"about":[{"href":"https:\/\/pinardusakabin.com\/index.php\/wp-json\/wp\/v2\/types\/page"}],"author":[{"embeddable":true,"href":"https:\/\/pinardusakabin.com\/index.php\/wp-json\/wp\/v2\/users\/1"}],"replies":[{"embeddable":true,"href":"https:\/\/pinardusakabin.com\/index.php\/wp-json\/wp\/v2\/comments?post=411"}],"version-history":[{"count":13,"href":"https:\/\/pinardusakabin.com\/index.php\/wp-json\/wp\/v2\/pages\/411\/revisions"}],"predecessor-version":[{"id":1248,"href":"https:\/\/pinardusakabin.com\/index.php\/wp-json\/wp\/v2\/pages\/411\/revisions\/1248"}],"wp:attachment":[{"href":"https:\/\/pinardusakabin.com\/index.php\/wp-json\/wp\/v2\/media?parent=411"}],"curies":[{"name":"wp","href":"https:\/\/api.w.org\/{rel}","templated":true}]}}